{"id":2,"date":"2018-11-21T14:19:18","date_gmt":"2018-11-21T13:19:18","guid":{"rendered":"http:\/\/www.protego-france.com\/?page_id=2"},"modified":"2021-03-24T14:19:15","modified_gmt":"2021-03-24T13:19:15","slug":"page-d-exemple","status":"publish","type":"page","link":"https:\/\/www.protego-france.com\/index.php\/page-d-exemple\/","title":{"rendered":"Les Conditions G\u00e9n\u00e9rales de ventes:"},"content":{"rendered":"<p style=\"text-align: justify;\">Tout ordre pass\u00e9 implique l\u2019acceptation des conditions g\u00e9n\u00e9rales ci-apr\u00e8s quelles que soient les clauses pouvant figurer sur le document de l\u2019acheteur \u00e0 l\u2019exception de d\u00e9rogations sp\u00e9ciales express\u00e9ment accept\u00e9es par nous-m\u00eames.<\/p>\n<p style=\"text-align: justify;\">Notre mat\u00e9riel, m\u00eame s\u2019il est exp\u00e9di\u00e9 franco, est consid\u00e9r\u00e9 comme accept\u00e9 et voyage au d\u00e9part de nos entrep\u00f4ts aux risques et p\u00e9rils de l\u2019acheteur. Il appartient \u00e0 ce dernier d\u2019exercer tout recours aupr\u00e8s des transporteurs seuls responsables.<\/p>\n<p style=\"text-align: justify;\">L\u2019acheteur dispose d\u2019un d\u00e9lai de huit jours francs pour enlever le mat\u00e9riel mis \u00e0 sa disposition et faisant l\u2019objet d\u2019une modification. Pass\u00e9 ce d\u00e9lai, nous nous r\u00e9servons le droit de proc\u00e9der \u00e0 l\u2019exp\u00e9dition du mat\u00e9riel, aux frais, risques et p\u00e9rils de l\u2019acheteur.<\/p>\n<p style=\"text-align: justify;\">Sauf convention expresse, toutes les taxes, tous les frais de transport, tous les frais de magasinage r\u00e9sultant du non enl\u00e8vement du mat\u00e9riel par l\u2019acheteur sont \u00e0 la charge exclusive de ce dernier.<\/p>\n<p style=\"text-align: justify;\">Nos prix figurant au tarif et\/ou faisant l\u2019objet d\u2019une proposition \u00e9crite sont, lorsque la mention \u00ab\u00a0ferme et non r\u00e9visable\u00a0\u00bb n\u2019est pas sp\u00e9cifi\u00e9e, r\u00e9visables sans pr\u00e9avis en fonction des nouveaux cours et conditions en vigueur, au moment de la livraison.<\/p>\n<p style=\"text-align: justify;\">Toute commande ne deviendra d\u00e9finitive et accept\u00e9e qu\u2019apr\u00e8s confirmation \u00e9crite de notre si\u00e8ge.<\/p>\n<p style=\"text-align: justify;\">En cas de retard de la part de l\u2019acheteur dans la transmission des \u00e9l\u00e9ments et informations n\u00e9cessaires \u00e0 l\u2019ex\u00e9cution de la commande, nous nous r\u00e9servons le droit de modifier nos prix et nos d\u00e9lais, voire de r\u00e9silier la commande.<\/p>\n<p style=\"text-align: justify;\">Toute suspension ou modification de la commande, m\u00eame accept\u00e9e par nous, peut entra\u00eener une modification du prix et du d\u00e9lai initialement convenu, et peut donner lieu \u00e0 des frais suppl\u00e9mentaires.<\/p>\n<p style=\"text-align: justify;\">En cas d\u2019annulation ou de r\u00e9duction de commande enregistr\u00e9e par nous, l\u2019acheteur nous sera redevable du remboursement des frais engag\u00e9s pour l\u2019ex\u00e9cution de la commande ainsi que du manque \u00e0 gagner correspondant, \u00e9valu\u00e9 forfaitairement \u00e0 25\u00a0% du montant annul\u00e9 ou r\u00e9duit.<\/p>\n<p style=\"text-align: justify;\">L\u2019emballage sera effectu\u00e9 au prix de revient major\u00e9 d\u2019un coefficient de frais g\u00e9n\u00e9raux et ne sera pas repris.<\/p>\n<p style=\"text-align: justify;\">Nos d\u00e9lais de livraison, bien que d\u00e9termin\u00e9s de fa\u00e7on aussi exacte que possible, ne sont donn\u00e9s qu\u2019\u00e0 titre indicatif. Il ne sera donc jamais d\u00fb par nous des p\u00e9nalit\u00e9s de livraison, sauf stipulation contraire express\u00e9ment accept\u00e9e par nous au moment de la conclusion du march\u00e9.<\/p>\n<p style=\"text-align: justify;\">Les cas de force majeure, tels que conflits sociaux, gr\u00e8ves, difficult\u00e9s de transport, incendies, bris de machine, rebuts de fabrication, fournisseurs d\u00e9faillants, temp\u00eates, explosions, etc. d\u00e9gagent notre responsabilit\u00e9 dans l\u2019ex\u00e9cution et\/ou le retard d\u2019une commande et que l\u2019\u00e9v\u00e9nement soit survenu chez nous ou chez l\u2019un de nos fournisseurs.<\/p>\n<p style=\"text-align: justify;\">Aucun mat\u00e9riel ne peut nous \u00eatre retourn\u00e9 sans notre autorisation \u00e9crite, pr\u00e9cisant les conditions de retour.<\/p>\n<p style=\"text-align: justify;\">Les \u00e9tudes, plans et projets que nous \u00e9tablissons restent toujours notre propri\u00e9t\u00e9, sauf s\u2019ils ont fait l\u2019objet d&rsquo;un march\u00e9 particulier. Ils ne peuvent \u00eatre communiqu\u00e9s \u00e0 des tiers ni ex\u00e9cut\u00e9s sans notre autorisation \u00e9crite.<\/p>\n<p style=\"text-align: justify;\">Nos conditions de garantie accompagnent nos offres.<\/p>\n<p style=\"text-align: justify;\">Notre garantie se limite strictement au remplacement ou \u00e0 la r\u00e9paration des pi\u00e8ces reconnues d\u00e9fectueuses par nos soins. Les frais de transport et d\u2019intervention sont \u00e0 la charge de l\u2019acheteur. Les frais de retour aux fins d\u2019examen seront faits en port pay\u00e9 par l\u2019acheteur. Aucune indemnit\u00e9 par suite de l\u2019immobilisation du mat\u00e9riel d\u00e9fectueux ne sera due par nous.<\/p>\n<p>La garantie sera refus\u00e9e dans les cas suivants\u00a0:<\/p>\n<ul>\n<li>Non respect des instructions de montage et de fonctionnement<\/li>\n<li>Transformation de notre mat\u00e9riel avec des pi\u00e8ces \u00e9trang\u00e8res<\/li>\n<li>Utilisation de notre mat\u00e9riel \u00e0 des t\u00e2ches autres que celles d\u00e9finies dans nos sp\u00e9cifications<\/li>\n<li>R\u00e9parations effectu\u00e9es sans notre accord par des personnes \u00e9trang\u00e8res \u00e0 notre soci\u00e9t\u00e9<\/li>\n<li>Entretien d\u00e9fectueux<\/li>\n<li>Faute de man\u0153uvre<\/li>\n<li>Usure normale<\/li>\n<\/ul>\n<p style=\"text-align: justify;\">De plus, nous n\u2019assurons aucune responsabilit\u00e9 pour perte, dommages et blessures directes ou indirectes, r\u00e9sultant de\/ou occasionn\u00e9s par l\u2019utilisation de la possession de notre mat\u00e9riel.<\/p>\n<p>Nos conditions de paiement sont, sauf convention \u00e9crite particuli\u00e8re, les suivantes\u00a0:<\/p>\n<ul>\n<li>soit 10 jours apr\u00e8s la date de facture avec 1 % d\u2019escompte ;<\/li>\n<li>soit 30 jours net apr\u00e8s la date de notre facture (selon d\u2019accord).<\/li>\n<\/ul>\n<p style=\"text-align: justify;\">De convention expresse, les retards de paiement par rapport aux conditions de contrat de vente nous autorisent \u00e0 facturer de plein droit \u00e0 l\u2019acheteur un int\u00e9r\u00eat sur l\u2019arri\u00e9r\u00e9 au taux officiel de la Banque de France, major\u00e9 de 2\u00a0points.<\/p>\n<p style=\"text-align: justify;\">En cas de prorogation des traites, les frais et int\u00e9r\u00eats r\u00e9sultant de cette prorogation seront \u00e0 la charge de l\u2019acheteur.<\/p>\n<p style=\"text-align: justify;\">Lorsque le cr\u00e9dit de l\u2019acheteur se d\u00e9t\u00e9riore, nous nous r\u00e9servons le droit, m\u00eame apr\u00e8s exp\u00e9dition partielle d\u2019une commande, d\u2019exiger de l\u2019acheteur les garanties que nous jugeons convenables en vue de la bonne ex\u00e9cution des engagements pris. Le refus d\u2019y satisfaire nous donne le droit d\u2019annuler tout ou partie du march\u00e9.<\/p>\n<p style=\"text-align: justify;\">Nonobstant toute clause contraire qui pourrait \u00eatre stipul\u00e9e dans les conditions g\u00e9n\u00e9rales d\u2019achat ou dans tout autre document commercial, l\u2019acqu\u00e9reur accepte, sauf d\u00e9nonciation expresse de sa part, que la propri\u00e9t\u00e9 des marchandises, objet de la pr\u00e9sente commande, ne lui soit transf\u00e9r\u00e9e qu\u2019apr\u00e8s paiement int\u00e9gral du prix.<\/p>\n<p style=\"text-align: justify;\">En cas d\u2019exercice par nous de notre r\u00e9serve de propri\u00e9t\u00e9, les acomptes qui nous ont \u00e9t\u00e9 pay\u00e9s par notre acheteur nous restent acquis au besoin \u00e0 titre de dommages et int\u00e9r\u00eats forfaitaires.<\/p>\n<p style=\"text-align: justify;\">Cependant tous les risques seront transf\u00e9r\u00e9s \u00e0 l\u2019acqu\u00e9reur d\u00e8s mise \u00e0 disposition des marchandises.<\/p>\n<p style=\"text-align: justify;\">Notre clause de r\u00e9serve de propri\u00e9t\u00e9 est pr\u00e9sum\u00e9e avoir \u00e9t\u00e9 accept\u00e9e par notre acheteur, par la seule acceptation de la livraison.<\/p>\n<p style=\"text-align: justify;\">Le non-paiement d\u2019une seule facture \u00e0 son \u00e9ch\u00e9ance rend exigible de plein droit le solde d\u00fb sur toutes les autres factures.<\/p>\n<p style=\"text-align: justify;\">Lieu de juridiction : MULHOUSE (si\u00e8ge social).<\/p>\n<p style=\"text-align: justify;\">Tout litige, de quelque ordre qu\u2019il soit, est de convention expresse de la comp\u00e9tence expresse des tribunaux de MULHOUSE auxquels il est fait attribution exclusive de juridiction, nonobstant toutes clauses contraires pouvant figurer sur le papier \u00e0 en-t\u00eate de notre co-contractant.<\/p>\n<blockquote>\n<p>Edition de Mars 2021<\/p>\n<\/blockquote>\n\n\n<div class=\"wp-block-file\"><a href=\"http:\/\/www.protego-france.com\/wp-content\/uploads\/2021\/03\/21-03-Les-Conditions-Generales-de-ventes.pdf\">21-03-Les-Conditions-Generales-de-ventes<\/a><a href=\"http:\/\/www.protego-france.com\/wp-content\/uploads\/2021\/03\/21-03-Les-Conditions-Generales-de-ventes.pdf\" class=\"wp-block-file__button\" download>T\u00e9l\u00e9charger<\/a><\/div>\n\n\n\n<div class=\"wp-block-file\"><a href=\"http:\/\/www.protego-france.com\/wp-content\/uploads\/2021\/03\/21-03-Les-Conditions-Generales-de-ventes-ENG.pdf\">21-03-Les-Conditions-Generales-de-ventes-ENG<\/a><a href=\"http:\/\/www.protego-france.com\/wp-content\/uploads\/2021\/03\/21-03-Les-Conditions-Generales-de-ventes-ENG.pdf\" class=\"wp-block-file__button\" download>T\u00e9l\u00e9charger<\/a><\/div>\n\n\n\n<div class=\"wp-block-image\"><figure class=\"alignright is-resized\"><img loading=\"lazy\" decoding=\"async\" src=\"http:\/\/www.protego-france.com\/wp-content\/uploads\/2019\/09\/logo-Protego-France-2.png\" alt=\"\" class=\"wp-image-107\" width=\"139\" height=\"164\"\/><\/figure><\/div>\n","protected":false},"excerpt":{"rendered":"<p>Tout ordre pass\u00e9 implique l\u2019acceptation des conditions g\u00e9n\u00e9rales ci-apr\u00e8s quelles que soient les clauses pouvant figurer sur le document de l\u2019acheteur \u00e0 l\u2019exception de d\u00e9rogations sp\u00e9ciales express\u00e9ment accept\u00e9es par nous-m\u00eames. Notre mat\u00e9riel, m\u00eame s\u2019il est exp\u00e9di\u00e9 franco, est consid\u00e9r\u00e9 comme accept\u00e9 et voyage au d\u00e9part de nos entrep\u00f4ts aux risques et p\u00e9rils de l\u2019acheteur. Il &hellip; <\/p>\n<p class=\"link-more\"><a href=\"https:\/\/www.protego-france.com\/index.php\/page-d-exemple\/\" class=\"more-link\">Continuer la lecture<span class=\"screen-reader-text\"> de &laquo;&nbsp;Les Conditions G\u00e9n\u00e9rales de ventes:&nbsp;&raquo;<\/span><\/a><\/p>\n","protected":false},"author":1,"featured_media":0,"parent":0,"menu_order":0,"comment_status":"closed","ping_status":"open","template":"","meta":{"footnotes":""},"class_list":["post-2","page","type-page","status-publish","hentry"],"_links":{"self":[{"href":"https:\/\/www.protego-france.com\/index.php\/wp-json\/wp\/v2\/pages\/2","targetHints":{"allow":["GET"]}}],"collection":[{"href":"https:\/\/www.protego-france.com\/index.php\/wp-json\/wp\/v2\/pages"}],"about":[{"href":"https:\/\/www.protego-france.com\/index.php\/wp-json\/wp\/v2\/types\/page"}],"author":[{"embeddable":true,"href":"https:\/\/www.protego-france.com\/index.php\/wp-json\/wp\/v2\/users\/1"}],"replies":[{"embeddable":true,"href":"https:\/\/www.protego-france.com\/index.php\/wp-json\/wp\/v2\/comments?post=2"}],"version-history":[{"count":12,"href":"https:\/\/www.protego-france.com\/index.php\/wp-json\/wp\/v2\/pages\/2\/revisions"}],"predecessor-version":[{"id":194,"href":"https:\/\/www.protego-france.com\/index.php\/wp-json\/wp\/v2\/pages\/2\/revisions\/194"}],"wp:attachment":[{"href":"https:\/\/www.protego-france.com\/index.php\/wp-json\/wp\/v2\/media?parent=2"}],"curies":[{"name":"wp","href":"https:\/\/api.w.org\/{rel}","templated":true}]}}