{"id":48,"date":"2019-09-13T11:15:22","date_gmt":"2019-09-13T09:15:22","guid":{"rendered":"http:\/\/www.protego-france.com\/?page_id=48"},"modified":"2019-09-18T10:04:40","modified_gmt":"2019-09-18T08:04:40","slug":"les-reserves-de-propriete","status":"publish","type":"page","link":"https:\/\/www.protego-france.com\/index.php\/les-reserves-de-propriete\/","title":{"rendered":"Les R\u00e9serves de propri\u00e9t\u00e9:"},"content":{"rendered":"\n<p>En application de la loi 80-335 du 12 mai 1980, les marchandises restent la propri\u00e9t\u00e9 du vendeur jusqu\u2019au paiement int\u00e9gral du prix. Les risques aff\u00e9rents aux dites marchandises sont transf\u00e9r\u00e9es \u00e0 l\u2019acheteur d\u00e8s la livraison.<\/p>\n\n\n\n<p>Nous\nconservons l\u2019enti\u00e8re propri\u00e9t\u00e9 des biens jusqu&rsquo;\u00e0 complet paiement effectif du\nprix. Jusqu&rsquo;\u00e0 la date de celui-ci, le client ne pourra disposer des biens de\nquelque mani\u00e8re que ce soit sans notre accord expr\u00e8s pr\u00e9alable et \u00e9crit.<\/p>\n\n\n\n<p>Ne\nconstitue pas un paiement au sens de la pr\u00e9sente disposition, la remise\n\u00e9ventuelle de traites ou de tout autre titre cr\u00e9ant une obligation de payer.<\/p>\n\n\n\n<p>La\nr\u00e9serve de propri\u00e9t\u00e9 s&rsquo;applique \u00e9galement aux cr\u00e9ances isol\u00e9es comptabilis\u00e9es\nau d\u00e9bit du compte client, dont le solde est \u00e9tabli et reconnu. En cas de d\u00e9faillance\ndu client, les marchandises trouv\u00e9es en stock seront r\u00e9put\u00e9es impay\u00e9es. Tous\nles risques sont \u00e0 la charge du client d\u00e8s la mise \u00e0 disposition ou la\nlivraison des marchandises.<\/p>\n\n\n\n<p>Le\nnantissement ou le gage de la marchandise livr\u00e9e ou des cr\u00e9ances c\u00e9d\u00e9es est\ninterdit. Il incombe au client de nous informer sans d\u00e9lai de saisies ou\nd&rsquo;interventions de tiers, en d\u00e9non\u00e7ant le cr\u00e9ancier gagiste ou le tiers, afin\nque nous puissions intenter une action \u00e0 son encontre. Au cas o\u00f9 le cr\u00e9ancier\ngagiste ou le tiers ne seraient pas en mesure ou ne seraient pas tenus de\nrembourser les frais judiciaires ou extrajudiciaires que nous aurions eus \u00e0\nexposer pour faire valoir nos droits, le client en sera alors responsable et\nnous indemnisera \u00e0 due concurrence.<\/p>\n\n\n\n<p>Nous\nsommes en droit de reprendre, imm\u00e9diatement et sans formalit\u00e9s particuli\u00e8res,\nla marchandise, d\u00e8s qu&rsquo;une \u00e9ch\u00e9ance ou une obligation contractuelle quelconque\ndans nos relations avec le client n&rsquo;aura pas \u00e9t\u00e9 respect\u00e9e par celui-ci. La\nreprise de la marchandise livr\u00e9e sous r\u00e9serve de propri\u00e9t\u00e9 ne vaut pas\nr\u00e9siliation du contrat et ne lib\u00e8re pas le client de ses obligations, notamment\nde dommages et int\u00e9r\u00eats pour inex\u00e9cution. Nous pouvons r\u00e9silier le contrat, si\nbon nous semble, par lettre recommand\u00e9e avec accus\u00e9 de r\u00e9ception. Nous sommes\nhabilit\u00e9s \u00e0 vendre de gr\u00e9 \u00e0 gr\u00e9 la marchandise reprise, et \u00e0 nous indemniser\navec le produit de la vente en r\u00e9sultant. Les acomptes pay\u00e9s par le client\nresteront acquis au vendeur et seront imput\u00e9s successivement sur la diff\u00e9rence\nde valeur v\u00e9nale de la marchandise reprise, puis sur les autres cr\u00e9ances non\nr\u00e9gl\u00e9es du vendeur, le solde \u00e9tant attribu\u00e9 au vendeur \u00e0 titre d&rsquo;indemnit\u00e9,\nsous r\u00e9serve de tous autres droits.<\/p>\n\n\n\n<p>Le\nclient stocke la marchandise vendue sous r\u00e9serve de propri\u00e9t\u00e9 pour notre compte\n\u00e0 titre gratuit. Il lui incombe de l&rsquo;assurer contre les risques courants tels\nque l&rsquo;incendie, le vol et les d\u00e9g\u00e2ts des eaux. Le client nous c\u00e8de d&rsquo;ores et\nd\u00e9j\u00e0 les droits \u00e0 l&rsquo;indemnisation des dommages vis\u00e9s ci-dessus qu&rsquo;il d\u00e9tient \u00e0\nl&rsquo;encontre des compagnies d&rsquo;assurances ou d&rsquo;autres responsables, \u00e0 concurrence\nde la valeur factur\u00e9e de la marchandise.<\/p>\n\n\n\n<p>Toutes\nles cr\u00e9ances et droits r\u00e9sultant de la pr\u00e9sente clause de r\u00e9serve de propri\u00e9t\u00e9\nrestent valables jusqu&rsquo;au paiement total par le client des dettes qu&rsquo;il a\ncontract\u00e9es \u00e0 notre \u00e9gard.<\/p>\n\n\n\n<p>Malgr\u00e9\nl\u2019application de la pr\u00e9sente clause de r\u00e9serve de propri\u00e9t\u00e9, le client\nsupportera la charge des risques en cas de perte ou de destruction d\u00e8s la\nlivraison des mat\u00e9riels et \u00e9quipements.<\/p>\n\n\n\n<p>Il\nsupportera aussi les charges de l\u2019assurance.<\/p>\n\n\n\n<p>L\u2019action en revendication n\u2019entra\u00eene pas la r\u00e9solution du contrat de vente.<\/p>\n\n\n\n<blockquote class=\"wp-block-quote is-layout-flow wp-block-quote-is-layout-flow\"><p>Edition de Septembre 2019<\/p><\/blockquote>\n\n\n\n<div class=\"wp-block-file\"><a href=\"http:\/\/www.protego-france.com\/wp-content\/uploads\/2019\/09\/19-09-Les-R\u00e9serves-de-propri\u00e9t\u00e9.pdf\">19-09-Les-R\u00e9serves-de-propri\u00e9t\u00e9<\/a><a href=\"http:\/\/www.protego-france.com\/wp-content\/uploads\/2019\/09\/19-09-Les-R\u00e9serves-de-propri\u00e9t\u00e9.pdf\" class=\"wp-block-file__button\" download>T\u00e9l\u00e9charger<\/a><\/div>\n\n\n\n<div class=\"wp-block-file\"><a href=\"http:\/\/www.protego-france.com\/wp-content\/uploads\/2019\/09\/19-09-Les-R\u00e9serves-de-propri\u00e9t\u00e9-ENG.pdf\">19-09-Les-R\u00e9serves-de-propri\u00e9t\u00e9-ENG<\/a><a href=\"http:\/\/www.protego-france.com\/wp-content\/uploads\/2019\/09\/19-09-Les-R\u00e9serves-de-propri\u00e9t\u00e9-ENG.pdf\" class=\"wp-block-file__button\" download>T\u00e9l\u00e9charger<\/a><\/div>\n\n\n\n<div class=\"wp-block-image\"><figure class=\"alignright is-resized\"><img loading=\"lazy\" decoding=\"async\" src=\"http:\/\/www.protego-france.com\/wp-content\/uploads\/2019\/09\/logo-Protego-France-1.png\" alt=\"\" class=\"wp-image-97\" width=\"139\" height=\"164\"\/><\/figure><\/div>\n","protected":false},"excerpt":{"rendered":"<p>En application de la loi 80-335 du 12 mai 1980, les marchandises restent la propri\u00e9t\u00e9 du vendeur jusqu\u2019au paiement int\u00e9gral du prix. Les risques aff\u00e9rents aux dites marchandises sont transf\u00e9r\u00e9es \u00e0 l\u2019acheteur d\u00e8s la livraison. Nous conservons l\u2019enti\u00e8re propri\u00e9t\u00e9 des biens jusqu&rsquo;\u00e0 complet paiement effectif du prix. Jusqu&rsquo;\u00e0 la date de celui-ci, le client ne &hellip; <\/p>\n<p class=\"link-more\"><a href=\"https:\/\/www.protego-france.com\/index.php\/les-reserves-de-propriete\/\" class=\"more-link\">Continuer la lecture<span class=\"screen-reader-text\"> de &laquo;&nbsp;Les R\u00e9serves de propri\u00e9t\u00e9:&nbsp;&raquo;<\/span><\/a><\/p>\n","protected":false},"author":1,"featured_media":0,"parent":0,"menu_order":0,"comment_status":"closed","ping_status":"closed","template":"","meta":{"footnotes":""},"class_list":["post-48","page","type-page","status-publish","hentry"],"_links":{"self":[{"href":"https:\/\/www.protego-france.com\/index.php\/wp-json\/wp\/v2\/pages\/48","targetHints":{"allow":["GET"]}}],"collection":[{"href":"https:\/\/www.protego-france.com\/index.php\/wp-json\/wp\/v2\/pages"}],"about":[{"href":"https:\/\/www.protego-france.com\/index.php\/wp-json\/wp\/v2\/types\/page"}],"author":[{"embeddable":true,"href":"https:\/\/www.protego-france.com\/index.php\/wp-json\/wp\/v2\/users\/1"}],"replies":[{"embeddable":true,"href":"https:\/\/www.protego-france.com\/index.php\/wp-json\/wp\/v2\/comments?post=48"}],"version-history":[{"count":8,"href":"https:\/\/www.protego-france.com\/index.php\/wp-json\/wp\/v2\/pages\/48\/revisions"}],"predecessor-version":[{"id":119,"href":"https:\/\/www.protego-france.com\/index.php\/wp-json\/wp\/v2\/pages\/48\/revisions\/119"}],"wp:attachment":[{"href":"https:\/\/www.protego-france.com\/index.php\/wp-json\/wp\/v2\/media?parent=48"}],"curies":[{"name":"wp","href":"https:\/\/api.w.org\/{rel}","templated":true}]}}