{"id":8,"date":"2019-09-12T16:10:09","date_gmt":"2019-09-12T14:10:09","guid":{"rendered":"http:\/\/www.protego-france.com\/?page_id=8"},"modified":"2019-09-13T12:17:06","modified_gmt":"2019-09-13T10:17:06","slug":"accueil","status":"publish","type":"page","link":"https:\/\/www.protego-france.com\/","title":{"rendered":"Bienvenue"},"content":{"rendered":"<p style=\"text-align: justify;\">Notre slogan \u00ab\u00a0for safety and environment\u00a0\u00bb (pour la\u00a0s\u00e9curit\u00e9\u00a0et\u00a0l\u2019environnement) se retrouve dans la\u00a0qualit\u00e9\u00a0de nos produits. Le meilleur moyen d\u2019assurer votre\u00a0s\u00e9curit\u00e9\u00a0et celle de\u00a0l\u2019environnement, c\u2019est de construire les meilleurs \u00e9quipements.<\/p>\n<p>Nous vous proposons des solutions globales pour\u00a0:<\/p>\n<ul>\n<li style=\"list-style-type: none;\">\n<ul>\n<li style=\"text-align: justify;\">pr\u00e9server l\u2019int\u00e9grit\u00e9 vos\u00a0cuve,\u00a0bac,\u00a0r\u00e9servoir\u00a0de stockage\u00a0et produits gr\u00e2ce \u00e0 nos\u00a0soupapes de respiration\u00a0tout en diminuant vos\u00a0\u00e9missions de produits volatiles<\/li>\n<\/ul>\n<\/li>\n<\/ul>\n<ul>\n<li style=\"list-style-type: none;\">\n<ul>\n<li style=\"text-align: justify;\">emp\u00eacher\u00a0la propagation des\u00a0explosions\u00a0gr\u00e2ce \u00e0 nos\u00a0arr\u00eate-flammes,\u00a0d\u00e9tendeur\u2013d\u00e9verseur\u00a0et\u00a0disque de rupture<\/li>\n<\/ul>\n<\/li>\n<\/ul>\n<ul>\n<li style=\"list-style-type: none;\">\n<ul>\n<li>contrer les risques dus \u00e0 la\u00a0foudre\u00a0gr\u00e2ce \u00e0 nos solutions\u00a0<a href=\"http:\/\/www.lightningmaster.com\/about-lmc\/\" target=\"_blank\" rel=\"noopener noreferrer\">Lightning Master<\/a><\/li>\n<\/ul>\n<\/li>\n<\/ul>\n<p style=\"text-align: justify;\">Nos \u00e9quipements sont con\u00e7us pour une\u00a0maintenance facile et rapide, et nos composantes rempla\u00e7ables font de nos \u00e9quipements les plus p\u00e9rennes du march\u00e9.<\/p>\n\n\n<ul class=\"wp-block-gallery columns-3 is-cropped wp-block-gallery-1 is-layout-flex wp-block-gallery-is-layout-flex\"><li class=\"blocks-gallery-item\"><figure><img loading=\"lazy\" decoding=\"async\" width=\"1024\" height=\"576\" src=\"http:\/\/www.protego-france.com\/wp-content\/uploads\/2019\/09\/vdsv_red-weatherhood-1024x576.jpg\" alt=\"\" data-id=\"41\" data-link=\"http:\/\/www.protego-france.com\/vdsv_red-weatherhood\/\" class=\"wp-image-41\" srcset=\"https:\/\/www.protego-france.com\/wp-content\/uploads\/2019\/09\/vdsv_red-weatherhood-1024x576.jpg 1024w, https:\/\/www.protego-france.com\/wp-content\/uploads\/2019\/09\/vdsv_red-weatherhood-300x169.jpg 300w, https:\/\/www.protego-france.com\/wp-content\/uploads\/2019\/09\/vdsv_red-weatherhood-768x432.jpg 768w\" sizes=\"auto, (max-width: 767px) 89vw, (max-width: 1000px) 54vw, (max-width: 1071px) 543px, 580px\" \/><\/figure><\/li><li class=\"blocks-gallery-item\"><figure><img loading=\"lazy\" decoding=\"async\" width=\"1024\" height=\"576\" src=\"http:\/\/www.protego-france.com\/wp-content\/uploads\/2019\/09\/vd_ts_x2-1024x576.jpg\" alt=\"\" data-id=\"40\" data-link=\"http:\/\/www.protego-france.com\/vd_ts_x2\/\" class=\"wp-image-40\" srcset=\"https:\/\/www.protego-france.com\/wp-content\/uploads\/2019\/09\/vd_ts_x2-1024x576.jpg 1024w, https:\/\/www.protego-france.com\/wp-content\/uploads\/2019\/09\/vd_ts_x2-300x169.jpg 300w, https:\/\/www.protego-france.com\/wp-content\/uploads\/2019\/09\/vd_ts_x2-768x432.jpg 768w\" sizes=\"auto, (max-width: 767px) 89vw, (max-width: 1000px) 54vw, (max-width: 1071px) 543px, 580px\" \/><\/figure><\/li><li class=\"blocks-gallery-item\"><figure><img loading=\"lazy\" decoding=\"async\" width=\"1024\" height=\"576\" src=\"http:\/\/www.protego-france.com\/wp-content\/uploads\/2019\/09\/ub-sf-1024x576.jpg\" alt=\"\" data-id=\"39\" data-link=\"http:\/\/www.protego-france.com\/ub-sf\/\" class=\"wp-image-39\" srcset=\"https:\/\/www.protego-france.com\/wp-content\/uploads\/2019\/09\/ub-sf-1024x576.jpg 1024w, https:\/\/www.protego-france.com\/wp-content\/uploads\/2019\/09\/ub-sf-300x169.jpg 300w, https:\/\/www.protego-france.com\/wp-content\/uploads\/2019\/09\/ub-sf-768x432.jpg 768w\" sizes=\"auto, (max-width: 767px) 89vw, (max-width: 1000px) 54vw, (max-width: 1071px) 543px, 580px\" \/><\/figure><\/li><li class=\"blocks-gallery-item\"><figure><img loading=\"lazy\" decoding=\"async\" width=\"1024\" height=\"576\" src=\"http:\/\/www.protego-france.com\/wp-content\/uploads\/2019\/09\/lh-ad-1024x576.jpg\" alt=\"\" data-id=\"38\" data-link=\"http:\/\/www.protego-france.com\/lh-ad\/\" class=\"wp-image-38\" srcset=\"https:\/\/www.protego-france.com\/wp-content\/uploads\/2019\/09\/lh-ad-1024x576.jpg 1024w, https:\/\/www.protego-france.com\/wp-content\/uploads\/2019\/09\/lh-ad-300x169.jpg 300w, https:\/\/www.protego-france.com\/wp-content\/uploads\/2019\/09\/lh-ad-768x432.jpg 768w\" sizes=\"auto, (max-width: 767px) 89vw, (max-width: 1000px) 54vw, (max-width: 1071px) 543px, 580px\" \/><\/figure><\/li><li class=\"blocks-gallery-item\"><figure><img loading=\"lazy\" decoding=\"async\" width=\"1024\" height=\"576\" src=\"http:\/\/www.protego-france.com\/wp-content\/uploads\/2019\/09\/fa-esss-1024x576.jpg\" alt=\"\" data-id=\"37\" data-link=\"http:\/\/www.protego-france.com\/fa-esss\/\" class=\"wp-image-37\" srcset=\"https:\/\/www.protego-france.com\/wp-content\/uploads\/2019\/09\/fa-esss-1024x576.jpg 1024w, https:\/\/www.protego-france.com\/wp-content\/uploads\/2019\/09\/fa-esss-300x169.jpg 300w, https:\/\/www.protego-france.com\/wp-content\/uploads\/2019\/09\/fa-esss-768x432.jpg 768w, https:\/\/www.protego-france.com\/wp-content\/uploads\/2019\/09\/fa-esss.jpg 1920w\" sizes=\"auto, (max-width: 767px) 89vw, (max-width: 1000px) 54vw, (max-width: 1071px) 543px, 580px\" \/><\/figure><\/li><li class=\"blocks-gallery-item\"><figure><img loading=\"lazy\" decoding=\"async\" width=\"1024\" height=\"576\" src=\"http:\/\/www.protego-france.com\/wp-content\/uploads\/2019\/09\/eb_5-1024x576.jpg\" alt=\"\" data-id=\"36\" data-link=\"http:\/\/www.protego-france.com\/eb_5\/\" class=\"wp-image-36\" srcset=\"https:\/\/www.protego-france.com\/wp-content\/uploads\/2019\/09\/eb_5-1024x576.jpg 1024w, https:\/\/www.protego-france.com\/wp-content\/uploads\/2019\/09\/eb_5-300x169.jpg 300w, https:\/\/www.protego-france.com\/wp-content\/uploads\/2019\/09\/eb_5-768x432.jpg 768w, https:\/\/www.protego-france.com\/wp-content\/uploads\/2019\/09\/eb_5.jpg 1920w\" sizes=\"auto, (max-width: 767px) 89vw, (max-width: 1000px) 54vw, (max-width: 1071px) 543px, 580px\" \/><\/figure><\/li><li class=\"blocks-gallery-item\"><figure><img loading=\"lazy\" decoding=\"async\" width=\"1024\" height=\"576\" src=\"http:\/\/www.protego-france.com\/wp-content\/uploads\/2019\/09\/dv_zt-1024x576.jpg\" alt=\"\" data-id=\"35\" data-link=\"http:\/\/www.protego-france.com\/dv_zt\/\" class=\"wp-image-35\" srcset=\"https:\/\/www.protego-france.com\/wp-content\/uploads\/2019\/09\/dv_zt-1024x576.jpg 1024w, https:\/\/www.protego-france.com\/wp-content\/uploads\/2019\/09\/dv_zt-300x169.jpg 300w, https:\/\/www.protego-france.com\/wp-content\/uploads\/2019\/09\/dv_zt-768x432.jpg 768w\" sizes=\"auto, (max-width: 767px) 89vw, (max-width: 1000px) 54vw, (max-width: 1071px) 543px, 580px\" \/><\/figure><\/li><li class=\"blocks-gallery-item\"><figure><img loading=\"lazy\" decoding=\"async\" width=\"1024\" height=\"576\" src=\"http:\/\/www.protego-france.com\/wp-content\/uploads\/2019\/09\/DA-SB_2-1024x576.jpg\" alt=\"\" data-id=\"34\" data-link=\"http:\/\/www.protego-france.com\/da-sb_2\/\" class=\"wp-image-34\" srcset=\"https:\/\/www.protego-france.com\/wp-content\/uploads\/2019\/09\/DA-SB_2-1024x576.jpg 1024w, https:\/\/www.protego-france.com\/wp-content\/uploads\/2019\/09\/DA-SB_2-300x169.jpg 300w, https:\/\/www.protego-france.com\/wp-content\/uploads\/2019\/09\/DA-SB_2-768x432.jpg 768w\" sizes=\"auto, (max-width: 767px) 89vw, (max-width: 1000px) 54vw, (max-width: 1071px) 543px, 580px\" \/><\/figure><\/li><\/ul>\n","protected":false},"excerpt":{"rendered":"<p>Notre slogan \u00ab\u00a0for safety and environment\u00a0\u00bb (pour la\u00a0s\u00e9curit\u00e9\u00a0et\u00a0l\u2019environnement) se retrouve dans la\u00a0qualit\u00e9\u00a0de nos produits. Le meilleur moyen d\u2019assurer votre\u00a0s\u00e9curit\u00e9\u00a0et celle de\u00a0l\u2019environnement, c\u2019est de construire les meilleurs \u00e9quipements. Nous vous proposons des solutions globales pour\u00a0: pr\u00e9server l\u2019int\u00e9grit\u00e9 vos\u00a0cuve,\u00a0bac,\u00a0r\u00e9servoir\u00a0de stockage\u00a0et produits gr\u00e2ce \u00e0 nos\u00a0soupapes de respiration\u00a0tout en diminuant vos\u00a0\u00e9missions de produits volatiles emp\u00eacher\u00a0la propagation des\u00a0explosions\u00a0gr\u00e2ce \u00e0 nos\u00a0arr\u00eate-flammes,\u00a0d\u00e9tendeur\u2013d\u00e9verseur\u00a0et\u00a0disque &hellip; <\/p>\n<p class=\"link-more\"><a href=\"https:\/\/www.protego-france.com\/\" class=\"more-link\">Continuer la lecture<span class=\"screen-reader-text\"> de &laquo;&nbsp;Bienvenue&nbsp;&raquo;<\/span><\/a><\/p>\n","protected":false},"author":1,"featured_media":0,"parent":0,"menu_order":0,"comment_status":"closed","ping_status":"closed","template":"","meta":{"footnotes":""},"class_list":["post-8","page","type-page","status-publish","hentry"],"_links":{"self":[{"href":"https:\/\/www.protego-france.com\/index.php\/wp-json\/wp\/v2\/pages\/8","targetHints":{"allow":["GET"]}}],"collection":[{"href":"https:\/\/www.protego-france.com\/index.php\/wp-json\/wp\/v2\/pages"}],"about":[{"href":"https:\/\/www.protego-france.com\/index.php\/wp-json\/wp\/v2\/types\/page"}],"author":[{"embeddable":true,"href":"https:\/\/www.protego-france.com\/index.php\/wp-json\/wp\/v2\/users\/1"}],"replies":[{"embeddable":true,"href":"https:\/\/www.protego-france.com\/index.php\/wp-json\/wp\/v2\/comments?post=8"}],"version-history":[{"count":6,"href":"https:\/\/www.protego-france.com\/index.php\/wp-json\/wp\/v2\/pages\/8\/revisions"}],"predecessor-version":[{"id":76,"href":"https:\/\/www.protego-france.com\/index.php\/wp-json\/wp\/v2\/pages\/8\/revisions\/76"}],"wp:attachment":[{"href":"https:\/\/www.protego-france.com\/index.php\/wp-json\/wp\/v2\/media?parent=8"}],"curies":[{"name":"wp","href":"https:\/\/api.w.org\/{rel}","templated":true}]}}